{"id":247,"date":"2024-11-02T12:39:40","date_gmt":"2024-11-02T12:39:40","guid":{"rendered":"https:\/\/serviplast-sa.com\/?page_id=247"},"modified":"2024-11-02T12:41:12","modified_gmt":"2024-11-02T12:41:12","slug":"horarios","status":"publish","type":"page","link":"https:\/\/serviplast-sa.com\/?page_id=247","title":{"rendered":"Horarios"},"content":{"rendered":"\t\t<div data-elementor-type=\"wp-page\" data-elementor-id=\"247\" class=\"elementor elementor-247\" data-elementor-settings=\"{&quot;ha_cmc_init_switcher&quot;:&quot;no&quot;}\">\n\t\t\t\t<div class=\"elementor-element elementor-element-b094133 e-flex e-con-boxed e-con e-parent\" data-id=\"b094133\" data-element_type=\"container\" data-e-type=\"container\">\n\t\t\t\t\t<div class=\"e-con-inner\">\n\t\t\t\t<div class=\"elementor-element elementor-element-10bf668 elementor-widget elementor-widget-spacer\" data-id=\"10bf668\" data-element_type=\"widget\" data-e-type=\"widget\" data-widget_type=\"spacer.default\">\n\t\t\t\t<div class=\"elementor-widget-container\">\n\t\t\t\t\t\t\t<div class=\"elementor-spacer\">\n\t\t\t<div class=\"elementor-spacer-inner\"><\/div>\n\t\t<\/div>\n\t\t\t\t\t\t<\/div>\n\t\t\t\t<\/div>\n\t\t\t\t<div class=\"elementor-element elementor-element-ea4e009 elementor-invisible elementor-widget elementor-widget-heading\" data-id=\"ea4e009\" data-element_type=\"widget\" data-e-type=\"widget\" data-settings=\"{&quot;_animation&quot;:&quot;fadeInDown&quot;}\" data-widget_type=\"heading.default\">\n\t\t\t\t<div class=\"elementor-widget-container\">\n\t\t\t\t\t<h2 class=\"elementor-heading-title elementor-size-default\">Horarios<\/h2>\t\t\t\t<\/div>\n\t\t\t\t<\/div>\n\t\t\t\t<div class=\"elementor-element elementor-element-f103f96 elementor-invisible elementor-widget elementor-widget-text-editor\" data-id=\"f103f96\" data-element_type=\"widget\" data-e-type=\"widget\" data-settings=\"{&quot;_animation&quot;:&quot;fadeInUp&quot;}\" data-widget_type=\"text-editor.default\">\n\t\t\t\t<div class=\"elementor-widget-container\">\n\t\t\t\t\t\t\t\t\t<p><strong>Horario fabrica<\/strong> Lunes a viernes 8:00 a 17:00 S\u00e1bados cerrado<\/p><p><strong>Horario Belgrano<\/strong> Lunes a viernes 9:00 a 20:00 y S\u00e1bados de 9:00 a 13:30<\/p><p><strong>Horario Sarmiento<\/strong> Lunes a viernes 9:00 a 17:30 y S\u00e1bados de 9:00 a 13:30<\/p><p><strong>Horario Colon<\/strong> Lunes a viernes 9:00 a 20:00 y S\u00e1bados de 9:00 a 13:30<\/p><p><strong>Horario Morel<\/strong> Lunes a viernes 9:00 a 17:30 y S\u00e1bados de 9:00 a 13:30<\/p>\t\t\t\t\t\t\t\t<\/div>\n\t\t\t\t<\/div>\n\t\t\t\t\t<\/div>\n\t\t\t\t<\/div>\n\t\t\t\t<\/div>\n\t\t","protected":false},"excerpt":{"rendered":"<p>Horarios Horario fabrica Lunes a viernes 8:00 a 17:00 S\u00e1bados cerrado Horario Belgrano Lunes a viernes 9:00 a 20:00 y S\u00e1bados de 9:00 a 13:30 Horario Sarmiento Lunes a viernes 9:00 a 17:30 y S\u00e1bados de 9:00 a 13:30 Horario Colon Lunes a viernes 9:00 a 20:00 y S\u00e1bados de 9:00 a 13:30 Horario Morel&#8230;<\/p>\n","protected":false},"author":1,"featured_media":0,"parent":0,"menu_order":0,"comment_status":"closed","ping_status":"closed","template":"","meta":{"_kad_post_transparent":"","_kad_post_title":"hide","_kad_post_layout":"fullwidth","_kad_post_sidebar_id":"","_kad_post_content_style":"unboxed","_kad_post_vertical_padding":"hide","_kad_post_feature":"hide","_kad_post_feature_position":"","_kad_post_header":false,"_kad_post_footer":false,"_kad_post_classname":"","footnotes":""},"class_list":["post-247","page","type-page","status-publish","hentry"],"_links":{"self":[{"href":"https:\/\/serviplast-sa.com\/index.php?rest_route=\/wp\/v2\/pages\/247","targetHints":{"allow":["GET"]}}],"collection":[{"href":"https:\/\/serviplast-sa.com\/index.php?rest_route=\/wp\/v2\/pages"}],"about":[{"href":"https:\/\/serviplast-sa.com\/index.php?rest_route=\/wp\/v2\/types\/page"}],"author":[{"embeddable":true,"href":"https:\/\/serviplast-sa.com\/index.php?rest_route=\/wp\/v2\/users\/1"}],"replies":[{"embeddable":true,"href":"https:\/\/serviplast-sa.com\/index.php?rest_route=%2Fwp%2Fv2%2Fcomments&post=247"}],"version-history":[{"count":4,"href":"https:\/\/serviplast-sa.com\/index.php?rest_route=\/wp\/v2\/pages\/247\/revisions"}],"predecessor-version":[{"id":251,"href":"https:\/\/serviplast-sa.com\/index.php?rest_route=\/wp\/v2\/pages\/247\/revisions\/251"}],"wp:attachment":[{"href":"https:\/\/serviplast-sa.com\/index.php?rest_route=%2Fwp%2Fv2%2Fmedia&parent=247"}],"curies":[{"name":"wp","href":"https:\/\/api.w.org\/{rel}","templated":true}]}}